{"id":217,"date":"2020-05-12T03:43:03","date_gmt":"2020-05-12T03:43:03","guid":{"rendered":"https:\/\/localhost\/site-600\/?page_id=217"},"modified":"2023-10-11T14:21:39","modified_gmt":"2023-10-11T17:21:39","slug":"home","status":"publish","type":"page","link":"https:\/\/generico.podiofg.com\/","title":{"rendered":"Home"},"content":{"rendered":"\n<div class=\"wp-block-uagb-container uagb-block-07933978 alignfull uagb-is-root-container\"><div class=\"uagb-container-inner-blocks-wrap\">\n<div class=\"wp-block-uagb-info-box uagb-block-425cc6b4 uagb-infobox__content-wrap  uagb-infobox-icon-above-title uagb-infobox-image-valign-top\"><div class=\"uagb-ifb-content\"><div class=\"uagb-ifb-title-wrap\"><span class=\"uagb-ifb-title-prefix\">slogan do seu neg\u00f3cio<\/span><h1 class=\"uagb-ifb-title\">Nome da Sua Empresa<\/h1><\/div><p class=\"uagb-ifb-desc\">Lorem ipsum dolor sit amet, consectetur adipiscing elit. Ut elit tellus, luctus nec ullamcorper mattis, pulvinar dapibus leo.\u200b<\/p><\/div><\/div>\n\n\n\n<div class=\"wp-block-uagb-buttons uagb-buttons__outer-wrap uagb-btn__default-btn uagb-btn-tablet__default-btn uagb-btn-mobile__default-btn uagb-block-d1a4c53b\"><div class=\"uagb-buttons__wrap uagb-buttons-layout-wrap\">\n<div class=\"wp-block-uagb-buttons-child uagb-buttons__outer-wrap uagb-block-b49ff6e8 wp-block-button\"><div class=\"uagb-button__wrapper\"><a class=\"uagb-buttons-repeater wp-block-button__link\" href=\"#\" onclick=\"return false;\" rel=\"follow noopener\" target=\"_self\"><div class=\"uagb-button__link\">servi\u00e7os<\/div><\/a><\/div><\/div>\n\n\n\n<div class=\"wp-block-uagb-buttons-child uagb-buttons__outer-wrap uagb-block-34aa6fc1 wp-block-button\"><div class=\"uagb-button__wrapper\"><a class=\"uagb-buttons-repeater wp-block-button__link\" href=\"#\" onclick=\"return false;\" rel=\"follow noopener\" target=\"_self\"><div class=\"uagb-button__link\">sobre n\u00f3s<\/div><\/a><\/div><\/div>\n<\/div><\/div>\n<\/div><\/div>\n\n\n\n<div class=\"wp-block-uagb-container uagb-block-f5f6dd76 alignfull uagb-is-root-container\"><div class=\"uagb-container-inner-blocks-wrap\">\n<div class=\"wp-block-uagb-container uagb-block-f0901f80\">\n<div class=\"wp-block-uagb-advanced-heading uagb-block-60f85146\"><h2 class=\"uagb-heading-text\">servi\u00e7o 1<\/h2><\/div>\n<\/div>\n\n\n\n<div class=\"wp-block-uagb-container uagb-block-8bec022e\">\n<div class=\"wp-block-uagb-advanced-heading uagb-block-584e9656\"><h2 class=\"uagb-heading-text\">servi\u00e7o 2<\/h2><\/div>\n<\/div>\n\n\n\n<div class=\"wp-block-uagb-container uagb-block-3730b25c\">\n<div class=\"wp-block-uagb-advanced-heading uagb-block-2fc154d2\"><h2 class=\"uagb-heading-text\">servi\u00e7o 3<\/h2><\/div>\n<\/div>\n<\/div><\/div>\n\n\n\n<div class=\"wp-block-uagb-container uagb-block-71f7405a alignfull uagb-is-root-container\"><div class=\"uagb-container-inner-blocks-wrap\">\n<div class=\"wp-block-uagb-container uagb-block-45404628\">\n<div class=\"wp-block-uagb-advanced-heading uagb-block-e669451d\"><h2 class=\"uagb-heading-text\">coisas incr\u00edveis para voc\u00ea\u200b<\/h2><\/div>\n<\/div>\n\n\n\n<div class=\"wp-block-uagb-container uagb-block-3aabc2a9\">\n<div class=\"wp-block-uagb-advanced-heading uagb-block-be433fae\"><p class=\"uagb-desc-text\">Lorem ipsum dolor sit amet, consectetur adipiscing elit. Duis id rutrum ipsum, condimentum malesuada diam. Vestibulum lobortis lobortis scelerisque. Suspendisse cursus aliquet scelerisque. Sed mi massa, pellentesque porta lorem ut, sodales facilisis arcu. Phasellus nunc mi, finibus vitae ex et, ultrices pharetra orci. Aliquam sed finibus nibh, ac sagittis neque.<br><br>Sed ornare mi sed eros fermentum, in eleifend urna vulputate.<\/p><\/div>\n\n\n\n<div class=\"wp-block-uagb-buttons uagb-buttons__outer-wrap uagb-btn__default-btn uagb-btn-tablet__default-btn uagb-btn-mobile__default-btn uagb-block-255a4bb3\"><div class=\"uagb-buttons__wrap uagb-buttons-layout-wrap\">\n<div class=\"wp-block-uagb-buttons-child uagb-buttons__outer-wrap uagb-block-27480850 wp-block-button\"><div class=\"uagb-button__wrapper\"><a class=\"uagb-buttons-repeater wp-block-button__link\" href=\"#\" onclick=\"return false;\" rel=\"follow noopener\" target=\"_self\"><div class=\"uagb-button__link\">nossa hist\u00f3ria<\/div><\/a><\/div><\/div>\n<\/div><\/div>\n<\/div>\n<\/div><\/div>\n\n\n\n<div class=\"wp-block-uagb-container uagb-block-737cf484 alignfull uagb-is-root-container\"><div class=\"uagb-container-inner-blocks-wrap\">\n<div class=\"wp-block-uagb-info-box uagb-block-a1136e67 uagb-infobox__content-wrap  uagb-infobox-icon-above-title uagb-infobox-image-valign-top\"><div class=\"uagb-ifb-content\"><div class=\"uagb-ifb-title-wrap\"><h2 class=\"uagb-ifb-title\">Chamada para a\u00e7\u00e3o<\/h2><\/div><p class=\"uagb-ifb-desc\">Lorem ipsum dolor sit amet, consectetur adipiscing elit. Ut elit tellus, luctus nec ullamcorper mattis, pulvinar dapibus leo.\u200b<\/p><div class=\"uagb-ifb-button-wrapper wp-block-button\"><a href=\"#\" class=\"uagb-infobox-cta-link wp-block-button__link\" target=\"_self\" rel=\"noopener noreferrer\" onclick=\"return false;\" alt=\"\"><span class=\"uagb-inline-editing\">contato<\/span><\/a><\/div><\/div><\/div>\n<\/div><\/div>\n\n\n\n<div class=\"wp-block-uagb-container uagb-block-4eb0a9d7 alignfull uagb-is-root-container\"><div class=\"uagb-container-inner-blocks-wrap\">\n<div class=\"wp-block-uagb-container uagb-block-769a4e64\">\n<div class=\"wp-block-uagb-container uagb-block-4fcd9043\">\n<div class=\"wp-block-uagb-image uagb-block-e49d137b wp-block-uagb-image--layout-default wp-block-uagb-image--effect-static wp-block-uagb-image--align-none\"><figure class=\"wp-block-uagb-image__figure\"><img decoding=\"async\" srcset=\"https:\/\/websitedemos.net\/mountain-08\/wp-content\/uploads\/sites\/584\/2020\/04\/snowy-mountain-1287145-1024x682.jpg \" sizes=\"auto, (max-width: 480px) 150px\" src=\"https:\/\/websitedemos.net\/mountain-08\/wp-content\/uploads\/sites\/584\/2020\/04\/snowy-mountain-1287145-1024x682.jpg\" alt=\"\" class=\"uag-image-12\" width=\"1024\" height=\"682\" title=\"\" loading=\"lazy\"\/><\/figure><\/div>\n<\/div>\n\n\n\n<div class=\"wp-block-uagb-container uagb-block-571db67e\">\n<div class=\"wp-block-uagb-image uagb-block-90b8c28e wp-block-uagb-image--layout-default wp-block-uagb-image--effect-static wp-block-uagb-image--align-none\"><figure class=\"wp-block-uagb-image__figure\"><img decoding=\"async\" srcset=\"https:\/\/websitedemos.net\/mountain-08\/wp-content\/uploads\/sites\/584\/2020\/04\/green-leafed-trees-during-fog-time-167684-1024x682.jpg \" sizes=\"auto, (max-width: 480px) 150px\" src=\"https:\/\/websitedemos.net\/mountain-08\/wp-content\/uploads\/sites\/584\/2020\/04\/green-leafed-trees-during-fog-time-167684-1024x682.jpg\" alt=\"\" class=\"uag-image-11\" width=\"1024\" height=\"682\" title=\"\" loading=\"lazy\"\/><\/figure><\/div>\n<\/div>\n\n\n\n<div class=\"wp-block-uagb-container uagb-block-6e893955\">\n<div class=\"wp-block-uagb-image uagb-block-f2754be9 wp-block-uagb-image--layout-default wp-block-uagb-image--effect-static wp-block-uagb-image--align-none\"><figure class=\"wp-block-uagb-image__figure\"><img decoding=\"async\" srcset=\"https:\/\/websitedemos.net\/mountain-08\/wp-content\/uploads\/sites\/584\/2020\/04\/green-grass-field-and-mountain-1034887-1024x678.jpg \" sizes=\"auto, (max-width: 480px) 150px\" src=\"https:\/\/websitedemos.net\/mountain-08\/wp-content\/uploads\/sites\/584\/2020\/04\/green-grass-field-and-mountain-1034887-1024x678.jpg\" alt=\"\" class=\"uag-image-18\" width=\"1024\" height=\"678\" title=\"\" loading=\"lazy\"\/><\/figure><\/div>\n<\/div>\n<\/div>\n\n\n\n<div class=\"wp-block-uagb-container uagb-block-c03734f3\">\n<div class=\"wp-block-uagb-container uagb-block-43990477\">\n<div class=\"wp-block-uagb-image uagb-block-2c20752a wp-block-uagb-image--layout-default wp-block-uagb-image--effect-static wp-block-uagb-image--align-none\"><figure class=\"wp-block-uagb-image__figure\"><img decoding=\"async\" srcset=\"https:\/\/websitedemos.net\/mountain-08\/wp-content\/uploads\/sites\/584\/2020\/04\/bird-s-eye-view-photography-of-green-forest-1208379-1024x682.jpg \" sizes=\"auto, (max-width: 480px) 150px\" src=\"https:\/\/websitedemos.net\/mountain-08\/wp-content\/uploads\/sites\/584\/2020\/04\/bird-s-eye-view-photography-of-green-forest-1208379-1024x682.jpg\" alt=\"\" class=\"uag-image-19\" width=\"1024\" height=\"682\" title=\"\" loading=\"lazy\"\/><\/figure><\/div>\n<\/div>\n\n\n\n<div class=\"wp-block-uagb-container uagb-block-e0e43824\">\n<div class=\"wp-block-uagb-image uagb-block-4ff2fd11 wp-block-uagb-image--layout-default wp-block-uagb-image--effect-static wp-block-uagb-image--align-none\"><figure class=\"wp-block-uagb-image__figure\"><img decoding=\"async\" srcset=\"https:\/\/websitedemos.net\/mountain-08\/wp-content\/uploads\/sites\/584\/2020\/04\/photo-of-people-standing-on-top-of-mountain-near-grasses-733162-1024x682.jpg \" sizes=\"auto, (max-width: 480px) 150px\" src=\"https:\/\/websitedemos.net\/mountain-08\/wp-content\/uploads\/sites\/584\/2020\/04\/photo-of-people-standing-on-top-of-mountain-near-grasses-733162-1024x682.jpg\" alt=\"\" class=\"uag-image-13\" width=\"1024\" height=\"682\" title=\"\" loading=\"lazy\"\/><\/figure><\/div>\n<\/div>\n\n\n\n<div class=\"wp-block-uagb-container uagb-block-3e9a6a96\">\n<div class=\"wp-block-uagb-image uagb-block-b58b1586 wp-block-uagb-image--layout-default wp-block-uagb-image--effect-static wp-block-uagb-image--align-none\"><figure class=\"wp-block-uagb-image__figure\"><img decoding=\"async\" srcset=\"https:\/\/websitedemos.net\/mountain-08\/wp-content\/uploads\/sites\/584\/2020\/04\/mountain-and-lake-at-sunset-135157-1024x682.jpg \" sizes=\"auto, (max-width: 480px) 150px\" src=\"https:\/\/websitedemos.net\/mountain-08\/wp-content\/uploads\/sites\/584\/2020\/04\/mountain-and-lake-at-sunset-135157-1024x682.jpg\" alt=\"\" class=\"uag-image-20\" width=\"1024\" height=\"682\" title=\"\" loading=\"lazy\"\/><\/figure><\/div>\n<\/div>\n<\/div>\n<\/div><\/div>\n","protected":false},"excerpt":{"rendered":"<p>servi\u00e7o 1 servi\u00e7o 2 servi\u00e7o 3 coisas incr\u00edveis para voc\u00ea\u200b Lorem ipsum dolor sit amet, consectetur adipiscing elit. Duis id rutrum ipsum, condimentum malesuada diam. Vestibulum lobortis lobortis scelerisque. Suspendisse cursus aliquet scelerisque. Sed mi massa, pellentesque porta lorem ut, sodales facilisis arcu. Phasellus nunc mi, finibus vitae ex et, ultrices pharetra orci. Aliquam sed [&hellip;]<\/p>\n","protected":false},"author":1,"featured_media":0,"parent":0,"menu_order":0,"comment_status":"closed","ping_status":"closed","template":"","meta":{"_uag_custom_page_level_css":"","site-sidebar-layout":"no-sidebar","site-content-layout":"plain-container","ast-site-content-layout":"normal-width-container","site-content-style":"unboxed","site-sidebar-style":"unboxed","ast-global-header-display":"","ast-banner-title-visibility":"","ast-main-header-display":"","ast-hfb-above-header-display":"","ast-hfb-below-header-display":"","ast-hfb-mobile-header-display":"","site-post-title":"disabled","ast-breadcrumbs-content":"","ast-featured-img":"disabled","footer-sml-layout":"","ast-disable-related-posts":"","theme-transparent-header-meta":"enabled","adv-header-id-meta":"","stick-header-meta":"","header-above-stick-meta":"","header-main-stick-meta":"","header-below-stick-meta":"","astra-migrate-meta-layouts":"set","ast-page-background-enabled":"default","ast-page-background-meta":{"desktop":{"background-color":"","background-image":"","background-repeat":"repeat","background-position":"center center","background-size":"auto","background-attachment":"scroll","background-type":"","background-media":"","overlay-type":"","overlay-color":"","overlay-opacity":"","overlay-gradient":""},"tablet":{"background-color":"","background-image":"","background-repeat":"repeat","background-position":"center center","background-size":"auto","background-attachment":"scroll","background-type":"","background-media":"","overlay-type":"","overlay-color":"","overlay-opacity":"","overlay-gradient":""},"mobile":{"background-color":"","background-image":"","background-repeat":"repeat","background-position":"center center","background-size":"auto","background-attachment":"scroll","background-type":"","background-media":"","overlay-type":"","overlay-color":"","overlay-opacity":"","overlay-gradient":""}},"ast-content-background-meta":{"desktop":{"background-color":"var(--ast-global-color-5)","background-image":"","background-repeat":"repeat","background-position":"center center","background-size":"auto","background-attachment":"scroll","background-type":"","background-media":"","overlay-type":"","overlay-color":"","overlay-opacity":"","overlay-gradient":""},"tablet":{"background-color":"var(--ast-global-color-5)","background-image":"","background-repeat":"repeat","background-position":"center center","background-size":"auto","background-attachment":"scroll","background-type":"","background-media":"","overlay-type":"","overlay-color":"","overlay-opacity":"","overlay-gradient":""},"mobile":{"background-color":"var(--ast-global-color-5)","background-image":"","background-repeat":"repeat","background-position":"center center","background-size":"auto","background-attachment":"scroll","background-type":"","background-media":"","overlay-type":"","overlay-color":"","overlay-opacity":"","overlay-gradient":""}},"footnotes":""},"class_list":["post-217","page","type-page","status-publish","hentry"],"uagb_featured_image_src":{"full":false,"thumbnail":false,"medium":false,"medium_large":false,"large":false,"1536x1536":false,"2048x2048":false},"uagb_author_info":{"display_name":"Site600","author_link":"https:\/\/generico.podiofg.com\/?author=1"},"uagb_comment_info":0,"uagb_excerpt":"servi\u00e7o 1 servi\u00e7o 2 servi\u00e7o 3 coisas incr\u00edveis para voc\u00ea\u200b Lorem ipsum dolor sit amet, consectetur adipiscing elit. Duis id rutrum ipsum, condimentum malesuada diam. Vestibulum lobortis lobortis scelerisque. Suspendisse cursus aliquet scelerisque. Sed mi massa, pellentesque porta lorem ut, sodales facilisis arcu. Phasellus nunc mi, finibus vitae ex et, ultrices pharetra orci. Aliquam sed&hellip;","_links":{"self":[{"href":"https:\/\/generico.podiofg.com\/index.php?rest_route=\/wp\/v2\/pages\/217","targetHints":{"allow":["GET"]}}],"collection":[{"href":"https:\/\/generico.podiofg.com\/index.php?rest_route=\/wp\/v2\/pages"}],"about":[{"href":"https:\/\/generico.podiofg.com\/index.php?rest_route=\/wp\/v2\/types\/page"}],"author":[{"embeddable":true,"href":"https:\/\/generico.podiofg.com\/index.php?rest_route=\/wp\/v2\/users\/1"}],"replies":[{"embeddable":true,"href":"https:\/\/generico.podiofg.com\/index.php?rest_route=%2Fwp%2Fv2%2Fcomments&post=217"}],"version-history":[{"count":7,"href":"https:\/\/generico.podiofg.com\/index.php?rest_route=\/wp\/v2\/pages\/217\/revisions"}],"predecessor-version":[{"id":959,"href":"https:\/\/generico.podiofg.com\/index.php?rest_route=\/wp\/v2\/pages\/217\/revisions\/959"}],"wp:attachment":[{"href":"https:\/\/generico.podiofg.com\/index.php?rest_route=%2Fwp%2Fv2%2Fmedia&parent=217"}],"curies":[{"name":"wp","href":"https:\/\/api.w.org\/{rel}","templated":true}]}}